{"id":1298,"date":"2025-11-13T12:22:31","date_gmt":"2025-11-13T12:22:31","guid":{"rendered":"https:\/\/idc-clinic.connectionthemes.com\/politica-de-cookies\/"},"modified":"2026-05-12T10:40:35","modified_gmt":"2026-05-12T10:40:35","slug":"politique-de-cookies","status":"publish","type":"page","link":"https:\/\/idc.clinic\/fr\/politique-de-cookies\/","title":{"rendered":"Politique de Cookies"},"content":{"rendered":"<h2 data-start=\"106\" data-end=\"135\"><strong data-start=\"109\" data-end=\"135\">Que sont les cookies ?<\/strong><\/h2>\n<p data-start=\"137\" data-end=\"362\">Les \u201ccookies\u201d sont de petites \u00e9tiquettes logicielles qui sont stock\u00e9es sur votre ordinateur via votre navigateur Internet. Ils ne conservent que des informations li\u00e9es \u00e0 vos pr\u00e9f\u00e9rences, sans inclure vos donn\u00e9es personnelles.<\/p>\n<hr data-start=\"364\" data-end=\"367\" \/>\n<h2 data-start=\"369\" data-end=\"404\"><strong data-start=\"372\" data-end=\"404\">\u00c0 quoi servent les cookies ?<\/strong><\/h2>\n<p data-start=\"406\" data-end=\"641\">Les cookies servent \u00e0 aider \u00e0 d\u00e9terminer l\u2019utilit\u00e9, l\u2019int\u00e9r\u00eat et le nombre de visites de nos sites Internet. Ils permettent une navigation plus rapide et plus efficace, en \u00e9vitant d\u2019avoir \u00e0 saisir plusieurs fois les m\u00eames informations.<\/p>\n<hr data-start=\"643\" data-end=\"646\" \/>\n<h2 data-start=\"648\" data-end=\"694\"><strong data-start=\"651\" data-end=\"694\">Quels types de cookies utilisons-nous ?<\/strong><\/h2>\n<p data-start=\"696\" data-end=\"743\">Deux groupes de cookies peuvent \u00eatre utilis\u00e9s :<\/p>\n<h3 data-start=\"745\" data-end=\"773\"><strong data-start=\"749\" data-end=\"771\">Cookies permanents<\/strong><\/h3>\n<p data-start=\"774\" data-end=\"1082\">Ce sont des cookies stock\u00e9s au niveau du navigateur sur vos appareils d\u2019acc\u00e8s (PC, mobile, tablette) et utilis\u00e9s \u00e0 chaque nouvelle visite sur nos sites web. Ils sont g\u00e9n\u00e9ralement utilis\u00e9s pour adapter la navigation aux int\u00e9r\u00eats de l\u2019utilisateur, nous permettant ainsi de fournir un service plus personnalis\u00e9.<\/p>\n<h3 data-start=\"1084\" data-end=\"1112\"><strong data-start=\"1088\" data-end=\"1110\">Cookies de session<\/strong><\/h3>\n<p data-start=\"1113\" data-end=\"1423\">Ce sont des cookies temporaires qui restent dans le fichier de cookies de votre navigateur jusqu\u2019\u00e0 ce que vous quittiez le site web. Les informations collect\u00e9es par ces cookies servent \u00e0 analyser les tendances de trafic web, nous permettant d\u2019identifier des probl\u00e8mes et d\u2019am\u00e9liorer l\u2019exp\u00e9rience de navigation.<\/p>\n<hr data-start=\"1425\" data-end=\"1428\" \/>\n<h2 data-start=\"1430\" data-end=\"1480\"><strong data-start=\"1433\" data-end=\"1480\">\u00c0 quelles fins utilisons-nous des cookies ?<\/strong><\/h2>\n<h3 data-start=\"1482\" data-end=\"1523\"><strong data-start=\"1486\" data-end=\"1521\">Cookies strictement n\u00e9cessaires<\/strong><\/h3>\n<p data-start=\"1524\" data-end=\"1725\">Ils permettent de naviguer sur le site web et d\u2019utiliser ses applications, ainsi que d\u2019acc\u00e9der \u00e0 des zones s\u00e9curis\u00e9es. Sans ces cookies, les services que vous avez demand\u00e9s ne peuvent pas \u00eatre fournis.<\/p>\n<h3 data-start=\"1727\" data-end=\"1756\"><strong data-start=\"1731\" data-end=\"1754\">Cookies analytiques<\/strong><\/h3>\n<p data-start=\"1757\" data-end=\"1880\">Utilis\u00e9s de mani\u00e8re anonyme pour cr\u00e9er et analyser des statistiques, dans le but d\u2019am\u00e9liorer le fonctionnement du site web.<\/p>\n<h3 data-start=\"1882\" data-end=\"1917\"><strong data-start=\"1886\" data-end=\"1915\">Cookies de fonctionnalit\u00e9<\/strong><\/h3>\n<p data-start=\"1918\" data-end=\"2074\">Ils m\u00e9morisent les pr\u00e9f\u00e9rences de l\u2019utilisateur concernant l\u2019utilisation du site, afin qu\u2019il ne soit pas n\u00e9cessaire de reconfigurer le site \u00e0 chaque visite.<\/p>\n<h3 data-start=\"2076\" data-end=\"2102\"><strong data-start=\"2080\" data-end=\"2100\">Cookies de tiers<\/strong><\/h3>\n<p data-start=\"2103\" data-end=\"2284\">Ils mesurent le succ\u00e8s des applications et l\u2019efficacit\u00e9 de la publicit\u00e9 de tiers. Ils peuvent \u00e9galement \u00eatre utilis\u00e9s pour personnaliser un widget avec des donn\u00e9es de l\u2019utilisateur.<\/p>\n<h3 data-start=\"2286\" data-end=\"2317\"><strong data-start=\"2290\" data-end=\"2315\">Cookies publicitaires<\/strong><\/h3>\n<p data-start=\"2318\" data-end=\"2617\">Ils orientent la publicit\u00e9 en fonction des int\u00e9r\u00eats de chaque utilisateur, afin de cibler les campagnes publicitaires selon ses pr\u00e9f\u00e9rences. Ils limitent \u00e9galement le nombre de fois qu\u2019une publicit\u00e9 est affich\u00e9e, contribuant ainsi \u00e0 mesurer son efficacit\u00e9 et le succ\u00e8s de l\u2019organisation du site web.<\/p>\n<hr data-start=\"2619\" data-end=\"2622\" \/>\n<h2 data-start=\"2624\" data-end=\"2658\"><strong data-start=\"2627\" data-end=\"2658\">Comment g\u00e9rer les cookies ?<\/strong><\/h2>\n<p data-start=\"2660\" data-end=\"2936\">Tous les navigateurs permettent \u00e0 l\u2019utilisateur d\u2019accepter, de refuser ou de supprimer des cookies, notamment en s\u00e9lectionnant les param\u00e8tres appropri\u00e9s dans le menu du navigateur. Vous pouvez configurer les cookies dans le menu \u201coptions\u201d ou \u201cpr\u00e9f\u00e9rences\u201d de votre navigateur.<\/p>\n<p data-start=\"2938\" data-end=\"3116\">Notez cependant que la d\u00e9sactivation des cookies peut emp\u00eacher certains services web de fonctionner correctement, affectant partiellement ou totalement la navigation sur le site.<\/p>\n<p data-start=\"3118\" data-end=\"3266\">Les utilisateurs peuvent d\u00e9sactiver l\u2019utilisation des cookies sur ce site web \u00e0 tout moment en modifiant les param\u00e8tres du navigateur, par exemple :<\/p>\n<ul data-start=\"3268\" data-end=\"3344\">\n<li data-start=\"3268\" data-end=\"3285\">\n<p data-start=\"3270\" data-end=\"3285\">Google Chrome<\/p>\n<\/li>\n<li data-start=\"3286\" data-end=\"3307\">\n<p data-start=\"3288\" data-end=\"3307\">Internet Explorer<\/p>\n<\/li>\n<li data-start=\"3308\" data-end=\"3327\">\n<p data-start=\"3310\" data-end=\"3327\">Mozilla Firefox<\/p>\n<\/li>\n<li data-start=\"3328\" data-end=\"3344\">\n<p data-start=\"3330\" data-end=\"3344\">Apple Safari<\/p>\n<\/li>\n<\/ul>\n<hr data-start=\"3346\" data-end=\"3349\" \/>\n<h2 data-start=\"3351\" data-end=\"3413\"><strong data-start=\"3354\" data-end=\"3413\">Que se passe-t-il lorsque les cookies sont d\u00e9sactiv\u00e9s ?<\/strong><\/h2>\n<p data-start=\"3415\" data-end=\"3654\">Certaines fonctionnalit\u00e9s et services peuvent cesser de fonctionner ou se comporter de mani\u00e8re inattendue, comme l\u2019identification de l\u2019utilisateur sur certaines pages ou la r\u00e9ception d\u2019informations bas\u00e9es sur la localisation, entre autres.<\/p>\n<p data-start=\"3656\" data-end=\"3853\">Si vous d\u00e9sactivez les cookies sur ce site web, il est possible que vous ne puissiez pas acc\u00e9der \u00e0 certaines zones ou que la qualit\u00e9 de votre exp\u00e9rience de navigation soit consid\u00e9rablement r\u00e9duite.<\/p>\n<hr data-start=\"3855\" data-end=\"3858\" \/>\n<h2 data-start=\"3860\" data-end=\"3899\"><strong data-start=\"3863\" data-end=\"3899\">Cookies utilis\u00e9s sur ce site web<\/strong><\/h2>\n<p data-start=\"3901\" data-end=\"3985\">Vous trouverez ci-dessous un tableau r\u00e9sumant les cookies utilis\u00e9s sur ce site web :<\/p>\n<h3 data-start=\"3987\" data-end=\"4016\"><strong data-start=\"3991\" data-end=\"4016\">Cookies propri\u00e9taires<\/strong><\/h3>\n<p data-start=\"4018\" data-end=\"4207\"><strong data-start=\"4018\" data-end=\"4035\">Fournisseur :<\/strong> <a class=\"decorated-link\" href=\"http:\/\/www.idc.clinic\" target=\"_new\" rel=\"noopener\" data-start=\"4036\" data-end=\"4050\">www.idc.clinic<\/a><br data-start=\"4050\" data-end=\"4053\" \/><strong data-start=\"4053\" data-end=\"4065\">Cookie :<\/strong> allow_cookies<br data-start=\"4079\" data-end=\"4082\" \/><strong data-start=\"4082\" data-end=\"4093\">Dur\u00e9e :<\/strong> Un an<br data-start=\"4099\" data-end=\"4102\" \/><strong data-start=\"4102\" data-end=\"4112\">Type :<\/strong> Permanent<br data-start=\"4122\" data-end=\"4125\" \/><strong data-start=\"4125\" data-end=\"4139\">Finalit\u00e9 :<\/strong> Identifier si l\u2019utilisateur a d\u00e9j\u00e0 accept\u00e9 la politique de cookies.<\/p>\n<hr data-start=\"4209\" data-end=\"4212\" \/>\n<h3 data-start=\"4214\" data-end=\"4236\"><strong data-start=\"4218\" data-end=\"4236\">Cookies Google<\/strong><\/h3>\n<p data-start=\"4238\" data-end=\"4439\"><strong data-start=\"4238\" data-end=\"4255\">Fournisseur :<\/strong> Google<br data-start=\"4262\" data-end=\"4265\" \/><strong data-start=\"4265\" data-end=\"4277\">Cookie :<\/strong> _gid<br data-start=\"4282\" data-end=\"4285\" \/><strong data-start=\"4285\" data-end=\"4296\">Dur\u00e9e :<\/strong> 24 heures<br data-start=\"4306\" data-end=\"4309\" \/><strong data-start=\"4309\" data-end=\"4319\">Type :<\/strong> Permanent<br data-start=\"4329\" data-end=\"4332\" \/><strong data-start=\"4332\" data-end=\"4346\">Finalit\u00e9 :<\/strong> Fait partie de Google Analytics. Utilis\u00e9 pour diff\u00e9rencier les utilisateurs (voir plus ici).<\/p>\n<p data-start=\"4441\" data-end=\"4648\"><strong data-start=\"4441\" data-end=\"4458\">Fournisseur :<\/strong> Google<br data-start=\"4465\" data-end=\"4468\" \/><strong data-start=\"4468\" data-end=\"4480\">Cookie :<\/strong> _gali<br data-start=\"4486\" data-end=\"4489\" \/><strong data-start=\"4489\" data-end=\"4500\">Dur\u00e9e :<\/strong> Deux ans<br data-start=\"4509\" data-end=\"4512\" \/><strong data-start=\"4512\" data-end=\"4522\">Type :<\/strong> Permanent<br data-start=\"4532\" data-end=\"4535\" \/><strong data-start=\"4535\" data-end=\"4549\">Finalit\u00e9 :<\/strong> Fait partie de Google Analytics. Utilis\u00e9 pour identifier le pays des utilisateurs (voir plus ici).<\/p>\n<p data-start=\"4650\" data-end=\"4849\"><strong data-start=\"4650\" data-end=\"4667\">Fournisseur :<\/strong> Google<br data-start=\"4674\" data-end=\"4677\" \/><strong data-start=\"4677\" data-end=\"4689\">Cookie :<\/strong> _ga<br data-start=\"4693\" data-end=\"4696\" \/><strong data-start=\"4696\" data-end=\"4707\">Dur\u00e9e :<\/strong> Deux ans<br data-start=\"4716\" data-end=\"4719\" \/><strong data-start=\"4719\" data-end=\"4729\">Type :<\/strong> Permanent<br data-start=\"4739\" data-end=\"4742\" \/><strong data-start=\"4742\" data-end=\"4756\">Finalit\u00e9 :<\/strong> Fait partie de Google Analytics. Utilis\u00e9 pour diff\u00e9rencier les utilisateurs (voir plus ici).<\/p>\n<p data-start=\"4851\" data-end=\"5051\"><strong data-start=\"4851\" data-end=\"4868\">Fournisseur :<\/strong> Google<br data-start=\"4875\" data-end=\"4878\" \/><strong data-start=\"4878\" data-end=\"4890\">Cookie :<\/strong> _gat<br data-start=\"4895\" data-end=\"4898\" \/><strong data-start=\"4898\" data-end=\"4909\">Dur\u00e9e :<\/strong> 10 minutes<br data-start=\"4920\" data-end=\"4923\" \/><strong data-start=\"4923\" data-end=\"4933\">Type :<\/strong> Permanent<br data-start=\"4943\" data-end=\"4946\" \/><strong data-start=\"4946\" data-end=\"4960\">Finalit\u00e9 :<\/strong> Fait partie de Google Analytics. Utilis\u00e9 pour limiter le taux de demandes (voir plus ici).<\/p>\n<hr data-start=\"5053\" data-end=\"5056\" \/>\n<h2 data-start=\"5058\" data-end=\"5117\"><strong data-start=\"5061\" data-end=\"5117\">Garanties suppl\u00e9mentaires et retrait du consentement<\/strong><\/h2>\n<p data-start=\"5119\" data-end=\"5276\">IDC.Clinic ne sera pas responsable du contenu ou de l\u2019exactitude des politiques de confidentialit\u00e9 de composants tiers \u00e9ventuellement inclus sur ce site web.<\/p>\n<p data-start=\"5278\" data-end=\"5680\">En garantie suppl\u00e9mentaire, l\u2019enregistrement des cookies sur ce site peut \u00eatre soumis \u00e0 l\u2019acceptation des cookies par l\u2019utilisateur lors de sa visite et lors de l\u2019installation ou mise \u00e0 jour du navigateur utilis\u00e9. Cette acceptation peut \u00eatre retir\u00e9e \u00e0 tout moment dans les param\u00e8tres de contenu et de confidentialit\u00e9, tels que d\u00e9finis au point 5 de cette politique, ou via le lien au bas de cette page.<\/p>\n<hr data-start=\"5682\" data-end=\"5685\" \/>\n<h2 data-start=\"5687\" data-end=\"5732\"><strong data-start=\"5690\" data-end=\"5732\">Mise \u00e0 jour de la politique de cookies<\/strong><\/h2>\n<p data-start=\"5734\" data-end=\"5887\">IDC.Clinic peut modifier cette politique de cookies conform\u00e9ment aux exigences l\u00e9gales ou r\u00e9glementaires, ou l\u2019adapter \u00e0 de nouvelles directives l\u00e9gales.<\/p>\n<p data-start=\"5889\" data-end=\"5976\">Lorsque des modifications importantes sont apport\u00e9es, les utilisateurs seront inform\u00e9s.<\/p>\n<hr data-start=\"5978\" data-end=\"5981\" \/>\n<h2 data-start=\"5983\" data-end=\"6025\"><strong data-start=\"5986\" data-end=\"6025\">Plus d\u2019informations sur les cookies<\/strong><\/h2>\n<p data-start=\"6027\" data-end=\"6104\">Vous pouvez obtenir plus d\u2019informations sur les cookies via le lien suivant :<\/p>\n<p data-start=\"6106\" data-end=\"6133\"><strong data-start=\"6106\" data-end=\"6133\"><a class=\"decorated-link\" href=\"http:\/\/www.allaboutcookies.org\" target=\"_new\" rel=\"noopener\" data-start=\"6108\" data-end=\"6131\">www.allaboutcookies.org<\/a><\/strong><\/p>\n<p data-start=\"6135\" data-end=\"6175\">Derni\u00e8re mise \u00e0 jour : <strong data-start=\"6158\" data-end=\"6174\">27 juin 2018<\/strong>.<\/p>\n","protected":false},"excerpt":{"rendered":"<p>Que sont les cookies ? Les \u201ccookies\u201d sont de petites \u00e9tiquettes logicielles qui sont stock\u00e9es sur votre ordinateur via votre navigateur Internet. Ils ne conservent que des informations li\u00e9es \u00e0 vos pr\u00e9f\u00e9rences, sans inclure vos donn\u00e9es personnelles. \u00c0 quoi servent les cookies ? Les cookies servent \u00e0 aider \u00e0 d\u00e9terminer l\u2019utilit\u00e9, l\u2019int\u00e9r\u00eat et le nombre [&hellip;]<\/p>\n","protected":false},"author":1,"featured_media":0,"parent":0,"menu_order":0,"comment_status":"closed","ping_status":"closed","template":"","meta":{"footnotes":""},"class_list":["post-1298","page","type-page","status-publish","hentry"],"acf":[],"yoast_head":"<!-- This site is optimized with the Yoast SEO plugin v27.5 - https:\/\/yoast.com\/product\/yoast-seo-wordpress\/ -->\n<title>Politique de Cookies - IDC.Clinic<\/title>\n<meta name=\"description\" content=\"Que sont les cookies ? Les \u201ccookies\u201d sont de petits fichiers logiciels stock\u00e9s sur votre ordinateur via votre navigateur Internet.\" \/>\n<meta name=\"robots\" content=\"index, follow, max-snippet:-1, max-image-preview:large, max-video-preview:-1\" \/>\n<link rel=\"canonical\" href=\"https:\/\/idc.clinic\/fr\/politique-de-cookies\/\" \/>\n<meta property=\"og:locale\" content=\"fr_FR\" \/>\n<meta property=\"og:type\" content=\"article\" \/>\n<meta property=\"og:title\" content=\"Politique de Cookies - IDC.Clinic\" \/>\n<meta property=\"og:description\" content=\"Que sont les cookies ? Les \u201ccookies\u201d sont de petits fichiers logiciels stock\u00e9s sur votre ordinateur via votre navigateur Internet.\" \/>\n<meta property=\"og:url\" content=\"https:\/\/idc.clinic\/fr\/politique-de-cookies\/\" \/>\n<meta property=\"og:site_name\" content=\"IDC.Clinic\" \/>\n<meta property=\"article:modified_time\" content=\"2026-05-12T10:40:35+00:00\" \/>\n<meta name=\"twitter:card\" content=\"summary_large_image\" \/>\n<meta name=\"twitter:label1\" content=\"Dur\u00e9e de lecture estim\u00e9e\" \/>\n\t<meta name=\"twitter:data1\" content=\"4 minutes\" \/>\n<script type=\"application\/ld+json\" class=\"yoast-schema-graph\">{\"@context\":\"https:\\\/\\\/schema.org\",\"@graph\":[{\"@type\":\"WebPage\",\"@id\":\"https:\\\/\\\/idc.clinic\\\/fr\\\/politique-de-cookies\\\/\",\"url\":\"https:\\\/\\\/idc.clinic\\\/fr\\\/politique-de-cookies\\\/\",\"name\":\"Politique de Cookies - IDC.Clinic\",\"isPartOf\":{\"@id\":\"https:\\\/\\\/idc.clinic\\\/#website\"},\"datePublished\":\"2025-11-13T12:22:31+00:00\",\"dateModified\":\"2026-05-12T10:40:35+00:00\",\"description\":\"Que sont les cookies ? Les \u201ccookies\u201d sont de petits fichiers logiciels stock\u00e9s sur votre ordinateur via votre navigateur Internet.\",\"breadcrumb\":{\"@id\":\"https:\\\/\\\/idc.clinic\\\/fr\\\/politique-de-cookies\\\/#breadcrumb\"},\"inLanguage\":\"fr-FR\",\"potentialAction\":[{\"@type\":\"ReadAction\",\"target\":[\"https:\\\/\\\/idc.clinic\\\/fr\\\/politique-de-cookies\\\/\"]}]},{\"@type\":\"BreadcrumbList\",\"@id\":\"https:\\\/\\\/idc.clinic\\\/fr\\\/politique-de-cookies\\\/#breadcrumb\",\"itemListElement\":[{\"@type\":\"ListItem\",\"position\":1,\"name\":\"Home\",\"item\":\"https:\\\/\\\/idc.clinic\\\/fr\\\/\"},{\"@type\":\"ListItem\",\"position\":2,\"name\":\"Politique de Cookies\"}]},{\"@type\":\"WebSite\",\"@id\":\"https:\\\/\\\/idc.clinic\\\/#website\",\"url\":\"https:\\\/\\\/idc.clinic\\\/\",\"name\":\"idc\",\"description\":\"\",\"publisher\":{\"@id\":\"https:\\\/\\\/idc.clinic\\\/#organization\"},\"potentialAction\":[{\"@type\":\"SearchAction\",\"target\":{\"@type\":\"EntryPoint\",\"urlTemplate\":\"https:\\\/\\\/idc.clinic\\\/?s={search_term_string}\"},\"query-input\":{\"@type\":\"PropertyValueSpecification\",\"valueRequired\":true,\"valueName\":\"search_term_string\"}}],\"inLanguage\":\"fr-FR\"},{\"@type\":\"Organization\",\"@id\":\"https:\\\/\\\/idc.clinic\\\/#organization\",\"name\":\"idc\",\"url\":\"https:\\\/\\\/idc.clinic\\\/\",\"logo\":{\"@type\":\"ImageObject\",\"inLanguage\":\"fr-FR\",\"@id\":\"https:\\\/\\\/idc.clinic\\\/#\\\/schema\\\/logo\\\/image\\\/\",\"url\":\"https:\\\/\\\/idc.clinic\\\/wp-content\\\/uploads\\\/2026\\\/02\\\/new-logo.png\",\"contentUrl\":\"https:\\\/\\\/idc.clinic\\\/wp-content\\\/uploads\\\/2026\\\/02\\\/new-logo.png\",\"width\":1650,\"height\":686,\"caption\":\"idc\"},\"image\":{\"@id\":\"https:\\\/\\\/idc.clinic\\\/#\\\/schema\\\/logo\\\/image\\\/\"}}]}<\/script>\n<!-- \/ Yoast SEO plugin. -->","yoast_head_json":{"title":"Politique de Cookies - IDC.Clinic","description":"Que sont les cookies ? Les \u201ccookies\u201d sont de petits fichiers logiciels stock\u00e9s sur votre ordinateur via votre navigateur Internet.","robots":{"index":"index","follow":"follow","max-snippet":"max-snippet:-1","max-image-preview":"max-image-preview:large","max-video-preview":"max-video-preview:-1"},"canonical":"https:\/\/idc.clinic\/fr\/politique-de-cookies\/","og_locale":"fr_FR","og_type":"article","og_title":"Politique de Cookies - IDC.Clinic","og_description":"Que sont les cookies ? Les \u201ccookies\u201d sont de petits fichiers logiciels stock\u00e9s sur votre ordinateur via votre navigateur Internet.","og_url":"https:\/\/idc.clinic\/fr\/politique-de-cookies\/","og_site_name":"IDC.Clinic","article_modified_time":"2026-05-12T10:40:35+00:00","twitter_card":"summary_large_image","twitter_misc":{"Dur\u00e9e de lecture estim\u00e9e":"4 minutes"},"schema":{"@context":"https:\/\/schema.org","@graph":[{"@type":"WebPage","@id":"https:\/\/idc.clinic\/fr\/politique-de-cookies\/","url":"https:\/\/idc.clinic\/fr\/politique-de-cookies\/","name":"Politique de Cookies - IDC.Clinic","isPartOf":{"@id":"https:\/\/idc.clinic\/#website"},"datePublished":"2025-11-13T12:22:31+00:00","dateModified":"2026-05-12T10:40:35+00:00","description":"Que sont les cookies ? Les \u201ccookies\u201d sont de petits fichiers logiciels stock\u00e9s sur votre ordinateur via votre navigateur Internet.","breadcrumb":{"@id":"https:\/\/idc.clinic\/fr\/politique-de-cookies\/#breadcrumb"},"inLanguage":"fr-FR","potentialAction":[{"@type":"ReadAction","target":["https:\/\/idc.clinic\/fr\/politique-de-cookies\/"]}]},{"@type":"BreadcrumbList","@id":"https:\/\/idc.clinic\/fr\/politique-de-cookies\/#breadcrumb","itemListElement":[{"@type":"ListItem","position":1,"name":"Home","item":"https:\/\/idc.clinic\/fr\/"},{"@type":"ListItem","position":2,"name":"Politique de Cookies"}]},{"@type":"WebSite","@id":"https:\/\/idc.clinic\/#website","url":"https:\/\/idc.clinic\/","name":"idc","description":"","publisher":{"@id":"https:\/\/idc.clinic\/#organization"},"potentialAction":[{"@type":"SearchAction","target":{"@type":"EntryPoint","urlTemplate":"https:\/\/idc.clinic\/?s={search_term_string}"},"query-input":{"@type":"PropertyValueSpecification","valueRequired":true,"valueName":"search_term_string"}}],"inLanguage":"fr-FR"},{"@type":"Organization","@id":"https:\/\/idc.clinic\/#organization","name":"idc","url":"https:\/\/idc.clinic\/","logo":{"@type":"ImageObject","inLanguage":"fr-FR","@id":"https:\/\/idc.clinic\/#\/schema\/logo\/image\/","url":"https:\/\/idc.clinic\/wp-content\/uploads\/2026\/02\/new-logo.png","contentUrl":"https:\/\/idc.clinic\/wp-content\/uploads\/2026\/02\/new-logo.png","width":1650,"height":686,"caption":"idc"},"image":{"@id":"https:\/\/idc.clinic\/#\/schema\/logo\/image\/"}}]}},"_links":{"self":[{"href":"https:\/\/idc.clinic\/fr\/wp-json\/wp\/v2\/pages\/1298","targetHints":{"allow":["GET"]}}],"collection":[{"href":"https:\/\/idc.clinic\/fr\/wp-json\/wp\/v2\/pages"}],"about":[{"href":"https:\/\/idc.clinic\/fr\/wp-json\/wp\/v2\/types\/page"}],"author":[{"embeddable":true,"href":"https:\/\/idc.clinic\/fr\/wp-json\/wp\/v2\/users\/1"}],"replies":[{"embeddable":true,"href":"https:\/\/idc.clinic\/fr\/wp-json\/wp\/v2\/comments?post=1298"}],"version-history":[{"count":4,"href":"https:\/\/idc.clinic\/fr\/wp-json\/wp\/v2\/pages\/1298\/revisions"}],"predecessor-version":[{"id":1304,"href":"https:\/\/idc.clinic\/fr\/wp-json\/wp\/v2\/pages\/1298\/revisions\/1304"}],"wp:attachment":[{"href":"https:\/\/idc.clinic\/fr\/wp-json\/wp\/v2\/media?parent=1298"}],"curies":[{"name":"wp","href":"https:\/\/api.w.org\/{rel}","templated":true}]}}