{"id":1329,"date":"2025-11-14T09:57:22","date_gmt":"2025-11-14T09:57:22","guid":{"rendered":"https:\/\/idc-clinic.connectionthemes.com\/resultados\/"},"modified":"2026-05-12T10:45:46","modified_gmt":"2026-05-12T10:45:46","slug":"resultats","status":"publish","type":"page","link":"https:\/\/idc.clinic\/fr\/resultats\/","title":{"rendered":"R\u00e9sultats"},"content":{"rendered":"<h3>Lorem ipsum dolor sit amet, consecte<\/h3>\n","protected":false},"excerpt":{"rendered":"<p>Lorem ipsum dolor sit amet, consecte<\/p>\n","protected":false},"author":1,"featured_media":0,"parent":0,"menu_order":0,"comment_status":"closed","ping_status":"closed","template":"template-result.php","meta":{"footnotes":""},"class_list":["post-1329","page","type-page","status-publish","hentry"],"acf":[],"yoast_head":"<!-- This site is optimized with the Yoast SEO plugin v27.5 - https:\/\/yoast.com\/product\/yoast-seo-wordpress\/ -->\n<title>R\u00e9sultats - IDC.Clinic<\/title>\n<meta name=\"description\" content=\"D\u00e9couvrez les r\u00e9sultats r\u00e9els des traitements de IDC.Clinic en m\u00e9decine dentaire, esth\u00e9tique et sant\u00e9 capillaire, avec des cas...\" \/>\n<meta name=\"robots\" content=\"index, follow, max-snippet:-1, max-image-preview:large, max-video-preview:-1\" \/>\n<link rel=\"canonical\" href=\"https:\/\/idc.clinic\/fr\/resultats\/\" \/>\n<meta property=\"og:locale\" content=\"fr_FR\" \/>\n<meta property=\"og:type\" content=\"article\" \/>\n<meta property=\"og:title\" content=\"R\u00e9sultats - IDC.Clinic\" \/>\n<meta property=\"og:description\" content=\"D\u00e9couvrez les r\u00e9sultats r\u00e9els des traitements de IDC.Clinic en m\u00e9decine dentaire, esth\u00e9tique et sant\u00e9 capillaire, avec des cas...\" \/>\n<meta property=\"og:url\" content=\"https:\/\/idc.clinic\/fr\/resultats\/\" \/>\n<meta property=\"og:site_name\" content=\"IDC.Clinic\" \/>\n<meta property=\"article:modified_time\" content=\"2026-05-12T10:45:46+00:00\" \/>\n<meta name=\"twitter:card\" content=\"summary_large_image\" \/>\n<meta name=\"twitter:label1\" content=\"Dur\u00e9e de lecture estim\u00e9e\" \/>\n\t<meta name=\"twitter:data1\" content=\"1 minute\" \/>\n<script type=\"application\/ld+json\" class=\"yoast-schema-graph\">{\"@context\":\"https:\\\/\\\/schema.org\",\"@graph\":[{\"@type\":\"WebPage\",\"@id\":\"https:\\\/\\\/idc.clinic\\\/fr\\\/resultats\\\/\",\"url\":\"https:\\\/\\\/idc.clinic\\\/fr\\\/resultats\\\/\",\"name\":\"R\u00e9sultats - IDC.Clinic\",\"isPartOf\":{\"@id\":\"https:\\\/\\\/idc.clinic\\\/#website\"},\"datePublished\":\"2025-11-14T09:57:22+00:00\",\"dateModified\":\"2026-05-12T10:45:46+00:00\",\"description\":\"D\u00e9couvrez les r\u00e9sultats r\u00e9els des traitements de IDC.Clinic en m\u00e9decine dentaire, esth\u00e9tique et sant\u00e9 capillaire, avec des cas...\",\"breadcrumb\":{\"@id\":\"https:\\\/\\\/idc.clinic\\\/fr\\\/resultats\\\/#breadcrumb\"},\"inLanguage\":\"fr-FR\",\"potentialAction\":[{\"@type\":\"ReadAction\",\"target\":[\"https:\\\/\\\/idc.clinic\\\/fr\\\/resultats\\\/\"]}]},{\"@type\":\"BreadcrumbList\",\"@id\":\"https:\\\/\\\/idc.clinic\\\/fr\\\/resultats\\\/#breadcrumb\",\"itemListElement\":[{\"@type\":\"ListItem\",\"position\":1,\"name\":\"Home\",\"item\":\"https:\\\/\\\/idc.clinic\\\/fr\\\/\"},{\"@type\":\"ListItem\",\"position\":2,\"name\":\"R\u00e9sultats\"}]},{\"@type\":\"WebSite\",\"@id\":\"https:\\\/\\\/idc.clinic\\\/#website\",\"url\":\"https:\\\/\\\/idc.clinic\\\/\",\"name\":\"idc\",\"description\":\"\",\"publisher\":{\"@id\":\"https:\\\/\\\/idc.clinic\\\/#organization\"},\"potentialAction\":[{\"@type\":\"SearchAction\",\"target\":{\"@type\":\"EntryPoint\",\"urlTemplate\":\"https:\\\/\\\/idc.clinic\\\/?s={search_term_string}\"},\"query-input\":{\"@type\":\"PropertyValueSpecification\",\"valueRequired\":true,\"valueName\":\"search_term_string\"}}],\"inLanguage\":\"fr-FR\"},{\"@type\":\"Organization\",\"@id\":\"https:\\\/\\\/idc.clinic\\\/#organization\",\"name\":\"idc\",\"url\":\"https:\\\/\\\/idc.clinic\\\/\",\"logo\":{\"@type\":\"ImageObject\",\"inLanguage\":\"fr-FR\",\"@id\":\"https:\\\/\\\/idc.clinic\\\/#\\\/schema\\\/logo\\\/image\\\/\",\"url\":\"https:\\\/\\\/idc.clinic\\\/wp-content\\\/uploads\\\/2026\\\/02\\\/new-logo.png\",\"contentUrl\":\"https:\\\/\\\/idc.clinic\\\/wp-content\\\/uploads\\\/2026\\\/02\\\/new-logo.png\",\"width\":1650,\"height\":686,\"caption\":\"idc\"},\"image\":{\"@id\":\"https:\\\/\\\/idc.clinic\\\/#\\\/schema\\\/logo\\\/image\\\/\"}}]}<\/script>\n<!-- \/ Yoast SEO plugin. -->","yoast_head_json":{"title":"R\u00e9sultats - IDC.Clinic","description":"D\u00e9couvrez les r\u00e9sultats r\u00e9els des traitements de IDC.Clinic en m\u00e9decine dentaire, esth\u00e9tique et sant\u00e9 capillaire, avec des cas...","robots":{"index":"index","follow":"follow","max-snippet":"max-snippet:-1","max-image-preview":"max-image-preview:large","max-video-preview":"max-video-preview:-1"},"canonical":"https:\/\/idc.clinic\/fr\/resultats\/","og_locale":"fr_FR","og_type":"article","og_title":"R\u00e9sultats - IDC.Clinic","og_description":"D\u00e9couvrez les r\u00e9sultats r\u00e9els des traitements de IDC.Clinic en m\u00e9decine dentaire, esth\u00e9tique et sant\u00e9 capillaire, avec des cas...","og_url":"https:\/\/idc.clinic\/fr\/resultats\/","og_site_name":"IDC.Clinic","article_modified_time":"2026-05-12T10:45:46+00:00","twitter_card":"summary_large_image","twitter_misc":{"Dur\u00e9e de lecture estim\u00e9e":"1 minute"},"schema":{"@context":"https:\/\/schema.org","@graph":[{"@type":"WebPage","@id":"https:\/\/idc.clinic\/fr\/resultats\/","url":"https:\/\/idc.clinic\/fr\/resultats\/","name":"R\u00e9sultats - IDC.Clinic","isPartOf":{"@id":"https:\/\/idc.clinic\/#website"},"datePublished":"2025-11-14T09:57:22+00:00","dateModified":"2026-05-12T10:45:46+00:00","description":"D\u00e9couvrez les r\u00e9sultats r\u00e9els des traitements de IDC.Clinic en m\u00e9decine dentaire, esth\u00e9tique et sant\u00e9 capillaire, avec des cas...","breadcrumb":{"@id":"https:\/\/idc.clinic\/fr\/resultats\/#breadcrumb"},"inLanguage":"fr-FR","potentialAction":[{"@type":"ReadAction","target":["https:\/\/idc.clinic\/fr\/resultats\/"]}]},{"@type":"BreadcrumbList","@id":"https:\/\/idc.clinic\/fr\/resultats\/#breadcrumb","itemListElement":[{"@type":"ListItem","position":1,"name":"Home","item":"https:\/\/idc.clinic\/fr\/"},{"@type":"ListItem","position":2,"name":"R\u00e9sultats"}]},{"@type":"WebSite","@id":"https:\/\/idc.clinic\/#website","url":"https:\/\/idc.clinic\/","name":"idc","description":"","publisher":{"@id":"https:\/\/idc.clinic\/#organization"},"potentialAction":[{"@type":"SearchAction","target":{"@type":"EntryPoint","urlTemplate":"https:\/\/idc.clinic\/?s={search_term_string}"},"query-input":{"@type":"PropertyValueSpecification","valueRequired":true,"valueName":"search_term_string"}}],"inLanguage":"fr-FR"},{"@type":"Organization","@id":"https:\/\/idc.clinic\/#organization","name":"idc","url":"https:\/\/idc.clinic\/","logo":{"@type":"ImageObject","inLanguage":"fr-FR","@id":"https:\/\/idc.clinic\/#\/schema\/logo\/image\/","url":"https:\/\/idc.clinic\/wp-content\/uploads\/2026\/02\/new-logo.png","contentUrl":"https:\/\/idc.clinic\/wp-content\/uploads\/2026\/02\/new-logo.png","width":1650,"height":686,"caption":"idc"},"image":{"@id":"https:\/\/idc.clinic\/#\/schema\/logo\/image\/"}}]}},"_links":{"self":[{"href":"https:\/\/idc.clinic\/fr\/wp-json\/wp\/v2\/pages\/1329","targetHints":{"allow":["GET"]}}],"collection":[{"href":"https:\/\/idc.clinic\/fr\/wp-json\/wp\/v2\/pages"}],"about":[{"href":"https:\/\/idc.clinic\/fr\/wp-json\/wp\/v2\/types\/page"}],"author":[{"embeddable":true,"href":"https:\/\/idc.clinic\/fr\/wp-json\/wp\/v2\/users\/1"}],"replies":[{"embeddable":true,"href":"https:\/\/idc.clinic\/fr\/wp-json\/wp\/v2\/comments?post=1329"}],"version-history":[{"count":3,"href":"https:\/\/idc.clinic\/fr\/wp-json\/wp\/v2\/pages\/1329\/revisions"}],"predecessor-version":[{"id":3950,"href":"https:\/\/idc.clinic\/fr\/wp-json\/wp\/v2\/pages\/1329\/revisions\/3950"}],"wp:attachment":[{"href":"https:\/\/idc.clinic\/fr\/wp-json\/wp\/v2\/media?parent=1329"}],"curies":[{"name":"wp","href":"https:\/\/api.w.org\/{rel}","templated":true}]}}