{"id":1345,"date":"2025-11-12T11:43:54","date_gmt":"2025-11-12T11:43:54","guid":{"rendered":"https:\/\/idc-clinic.connectionthemes.com\/especialidades\/"},"modified":"2026-05-12T10:53:54","modified_gmt":"2026-05-12T10:53:54","slug":"specialites","status":"publish","type":"page","link":"https:\/\/idc.clinic\/fr\/specialites\/","title":{"rendered":"Sp\u00e9cialit\u00e9s"},"content":{"rendered":"<h3>A IDC.Clinic oferece diversas especialidades nas \u00e1reas da medicina dent\u00e1ria, est\u00e9tica e cabelo.<\/h3>\n","protected":false},"excerpt":{"rendered":"<p>A IDC.Clinic oferece diversas especialidades nas \u00e1reas da medicina dent\u00e1ria, est\u00e9tica e cabelo.<\/p>\n","protected":false},"author":1,"featured_media":0,"parent":0,"menu_order":0,"comment_status":"closed","ping_status":"closed","template":"template-specialities.php","meta":{"footnotes":""},"class_list":["post-1345","page","type-page","status-publish","hentry"],"acf":[],"yoast_head":"<!-- This site is optimized with the Yoast SEO plugin v27.5 - https:\/\/yoast.com\/product\/yoast-seo-wordpress\/ -->\n<title>Sp\u00e9cialit\u00e9s - IDC.Clinic<\/title>\n<meta name=\"description\" content=\"D\u00e9couvrez l\u2019\u00e9quipe pluridisciplinaire de IDC.Clinic, compos\u00e9e de sp\u00e9cialistes en m\u00e9decine dentaire, esth\u00e9tique et traitements capillaires\u2026\" \/>\n<meta name=\"robots\" content=\"index, follow, max-snippet:-1, max-image-preview:large, max-video-preview:-1\" \/>\n<link rel=\"canonical\" href=\"https:\/\/idc.clinic\/fr\/specialites\/\" \/>\n<meta property=\"og:locale\" content=\"fr_FR\" \/>\n<meta property=\"og:type\" content=\"article\" \/>\n<meta property=\"og:title\" content=\"Sp\u00e9cialit\u00e9s - IDC.Clinic\" \/>\n<meta property=\"og:description\" content=\"D\u00e9couvrez l\u2019\u00e9quipe pluridisciplinaire de IDC.Clinic, compos\u00e9e de sp\u00e9cialistes en m\u00e9decine dentaire, esth\u00e9tique et traitements capillaires\u2026\" \/>\n<meta property=\"og:url\" content=\"https:\/\/idc.clinic\/fr\/specialites\/\" \/>\n<meta property=\"og:site_name\" content=\"IDC.Clinic\" \/>\n<meta property=\"article:modified_time\" content=\"2026-05-12T10:53:54+00:00\" \/>\n<meta name=\"twitter:card\" content=\"summary_large_image\" \/>\n<meta name=\"twitter:label1\" content=\"Dur\u00e9e de lecture estim\u00e9e\" \/>\n\t<meta name=\"twitter:data1\" content=\"1 minute\" \/>\n<script type=\"application\/ld+json\" class=\"yoast-schema-graph\">{\"@context\":\"https:\\\/\\\/schema.org\",\"@graph\":[{\"@type\":\"WebPage\",\"@id\":\"https:\\\/\\\/idc.clinic\\\/fr\\\/specialites\\\/\",\"url\":\"https:\\\/\\\/idc.clinic\\\/fr\\\/specialites\\\/\",\"name\":\"Sp\u00e9cialit\u00e9s - IDC.Clinic\",\"isPartOf\":{\"@id\":\"https:\\\/\\\/idc.clinic\\\/#website\"},\"datePublished\":\"2025-11-12T11:43:54+00:00\",\"dateModified\":\"2026-05-12T10:53:54+00:00\",\"description\":\"D\u00e9couvrez l\u2019\u00e9quipe pluridisciplinaire de IDC.Clinic, compos\u00e9e de sp\u00e9cialistes en m\u00e9decine dentaire, esth\u00e9tique et traitements capillaires\u2026\",\"breadcrumb\":{\"@id\":\"https:\\\/\\\/idc.clinic\\\/fr\\\/specialites\\\/#breadcrumb\"},\"inLanguage\":\"fr-FR\",\"potentialAction\":[{\"@type\":\"ReadAction\",\"target\":[\"https:\\\/\\\/idc.clinic\\\/fr\\\/specialites\\\/\"]}]},{\"@type\":\"BreadcrumbList\",\"@id\":\"https:\\\/\\\/idc.clinic\\\/fr\\\/specialites\\\/#breadcrumb\",\"itemListElement\":[{\"@type\":\"ListItem\",\"position\":1,\"name\":\"Home\",\"item\":\"https:\\\/\\\/idc.clinic\\\/fr\\\/\"},{\"@type\":\"ListItem\",\"position\":2,\"name\":\"Sp\u00e9cialit\u00e9s\"}]},{\"@type\":\"WebSite\",\"@id\":\"https:\\\/\\\/idc.clinic\\\/#website\",\"url\":\"https:\\\/\\\/idc.clinic\\\/\",\"name\":\"idc\",\"description\":\"\",\"publisher\":{\"@id\":\"https:\\\/\\\/idc.clinic\\\/#organization\"},\"potentialAction\":[{\"@type\":\"SearchAction\",\"target\":{\"@type\":\"EntryPoint\",\"urlTemplate\":\"https:\\\/\\\/idc.clinic\\\/?s={search_term_string}\"},\"query-input\":{\"@type\":\"PropertyValueSpecification\",\"valueRequired\":true,\"valueName\":\"search_term_string\"}}],\"inLanguage\":\"fr-FR\"},{\"@type\":\"Organization\",\"@id\":\"https:\\\/\\\/idc.clinic\\\/#organization\",\"name\":\"idc\",\"url\":\"https:\\\/\\\/idc.clinic\\\/\",\"logo\":{\"@type\":\"ImageObject\",\"inLanguage\":\"fr-FR\",\"@id\":\"https:\\\/\\\/idc.clinic\\\/#\\\/schema\\\/logo\\\/image\\\/\",\"url\":\"https:\\\/\\\/idc.clinic\\\/wp-content\\\/uploads\\\/2026\\\/02\\\/new-logo.png\",\"contentUrl\":\"https:\\\/\\\/idc.clinic\\\/wp-content\\\/uploads\\\/2026\\\/02\\\/new-logo.png\",\"width\":1650,\"height\":686,\"caption\":\"idc\"},\"image\":{\"@id\":\"https:\\\/\\\/idc.clinic\\\/#\\\/schema\\\/logo\\\/image\\\/\"}}]}<\/script>\n<!-- \/ Yoast SEO plugin. -->","yoast_head_json":{"title":"Sp\u00e9cialit\u00e9s - IDC.Clinic","description":"D\u00e9couvrez l\u2019\u00e9quipe pluridisciplinaire de IDC.Clinic, compos\u00e9e de sp\u00e9cialistes en m\u00e9decine dentaire, esth\u00e9tique et traitements capillaires\u2026","robots":{"index":"index","follow":"follow","max-snippet":"max-snippet:-1","max-image-preview":"max-image-preview:large","max-video-preview":"max-video-preview:-1"},"canonical":"https:\/\/idc.clinic\/fr\/specialites\/","og_locale":"fr_FR","og_type":"article","og_title":"Sp\u00e9cialit\u00e9s - IDC.Clinic","og_description":"D\u00e9couvrez l\u2019\u00e9quipe pluridisciplinaire de IDC.Clinic, compos\u00e9e de sp\u00e9cialistes en m\u00e9decine dentaire, esth\u00e9tique et traitements capillaires\u2026","og_url":"https:\/\/idc.clinic\/fr\/specialites\/","og_site_name":"IDC.Clinic","article_modified_time":"2026-05-12T10:53:54+00:00","twitter_card":"summary_large_image","twitter_misc":{"Dur\u00e9e de lecture estim\u00e9e":"1 minute"},"schema":{"@context":"https:\/\/schema.org","@graph":[{"@type":"WebPage","@id":"https:\/\/idc.clinic\/fr\/specialites\/","url":"https:\/\/idc.clinic\/fr\/specialites\/","name":"Sp\u00e9cialit\u00e9s - IDC.Clinic","isPartOf":{"@id":"https:\/\/idc.clinic\/#website"},"datePublished":"2025-11-12T11:43:54+00:00","dateModified":"2026-05-12T10:53:54+00:00","description":"D\u00e9couvrez l\u2019\u00e9quipe pluridisciplinaire de IDC.Clinic, compos\u00e9e de sp\u00e9cialistes en m\u00e9decine dentaire, esth\u00e9tique et traitements capillaires\u2026","breadcrumb":{"@id":"https:\/\/idc.clinic\/fr\/specialites\/#breadcrumb"},"inLanguage":"fr-FR","potentialAction":[{"@type":"ReadAction","target":["https:\/\/idc.clinic\/fr\/specialites\/"]}]},{"@type":"BreadcrumbList","@id":"https:\/\/idc.clinic\/fr\/specialites\/#breadcrumb","itemListElement":[{"@type":"ListItem","position":1,"name":"Home","item":"https:\/\/idc.clinic\/fr\/"},{"@type":"ListItem","position":2,"name":"Sp\u00e9cialit\u00e9s"}]},{"@type":"WebSite","@id":"https:\/\/idc.clinic\/#website","url":"https:\/\/idc.clinic\/","name":"idc","description":"","publisher":{"@id":"https:\/\/idc.clinic\/#organization"},"potentialAction":[{"@type":"SearchAction","target":{"@type":"EntryPoint","urlTemplate":"https:\/\/idc.clinic\/?s={search_term_string}"},"query-input":{"@type":"PropertyValueSpecification","valueRequired":true,"valueName":"search_term_string"}}],"inLanguage":"fr-FR"},{"@type":"Organization","@id":"https:\/\/idc.clinic\/#organization","name":"idc","url":"https:\/\/idc.clinic\/","logo":{"@type":"ImageObject","inLanguage":"fr-FR","@id":"https:\/\/idc.clinic\/#\/schema\/logo\/image\/","url":"https:\/\/idc.clinic\/wp-content\/uploads\/2026\/02\/new-logo.png","contentUrl":"https:\/\/idc.clinic\/wp-content\/uploads\/2026\/02\/new-logo.png","width":1650,"height":686,"caption":"idc"},"image":{"@id":"https:\/\/idc.clinic\/#\/schema\/logo\/image\/"}}]}},"_links":{"self":[{"href":"https:\/\/idc.clinic\/fr\/wp-json\/wp\/v2\/pages\/1345","targetHints":{"allow":["GET"]}}],"collection":[{"href":"https:\/\/idc.clinic\/fr\/wp-json\/wp\/v2\/pages"}],"about":[{"href":"https:\/\/idc.clinic\/fr\/wp-json\/wp\/v2\/types\/page"}],"author":[{"embeddable":true,"href":"https:\/\/idc.clinic\/fr\/wp-json\/wp\/v2\/users\/1"}],"replies":[{"embeddable":true,"href":"https:\/\/idc.clinic\/fr\/wp-json\/wp\/v2\/comments?post=1345"}],"version-history":[{"count":7,"href":"https:\/\/idc.clinic\/fr\/wp-json\/wp\/v2\/pages\/1345\/revisions"}],"predecessor-version":[{"id":4102,"href":"https:\/\/idc.clinic\/fr\/wp-json\/wp\/v2\/pages\/1345\/revisions\/4102"}],"wp:attachment":[{"href":"https:\/\/idc.clinic\/fr\/wp-json\/wp\/v2\/media?parent=1345"}],"curies":[{"name":"wp","href":"https:\/\/api.w.org\/{rel}","templated":true}]}}