{"id":1387,"date":"2025-11-12T11:34:55","date_gmt":"2025-11-12T11:34:55","guid":{"rendered":"https:\/\/idc-clinic.connectionthemes.com\/clinicas\/"},"modified":"2026-05-12T10:20:57","modified_gmt":"2026-05-12T10:20:57","slug":"cliniques","status":"publish","type":"page","link":"https:\/\/idc.clinic\/fr\/cliniques\/","title":{"rendered":"Cliniques"},"content":{"rendered":"<h3>Avec des cliniques \u00e0 Porto, Espinho, Braga et Aveiro, la marque IDC.Clinic continuera de se d\u00e9velopper pour mieux vous servir.<\/h3>\n","protected":false},"excerpt":{"rendered":"<p>Avec des cliniques \u00e0 Porto, Espinho, Braga et Aveiro, la marque IDC.Clinic continuera de se d\u00e9velopper pour mieux vous servir.<\/p>\n","protected":false},"author":1,"featured_media":1388,"parent":0,"menu_order":0,"comment_status":"closed","ping_status":"closed","template":"template-clinics.php","meta":{"footnotes":""},"class_list":["post-1387","page","type-page","status-publish","has-post-thumbnail","hentry"],"acf":[],"yoast_head":"<!-- This site is optimized with the Yoast SEO plugin v27.5 - https:\/\/yoast.com\/product\/yoast-seo-wordpress\/ -->\n<title>Cliniques - IDC.Clinic<\/title>\n<meta name=\"description\" content=\"D\u00e9couvrez comment nous pouvons vous aider \u00e0 obtenir un sourire sain et \u00e9clatant, parmi d\u2019autres traitements, en explorant d\u00e8s maintenant nos.\" \/>\n<meta name=\"robots\" content=\"index, follow, max-snippet:-1, max-image-preview:large, max-video-preview:-1\" \/>\n<link rel=\"canonical\" href=\"https:\/\/idc.clinic\/fr\/cliniques\/\" \/>\n<meta property=\"og:locale\" content=\"fr_FR\" \/>\n<meta property=\"og:type\" content=\"article\" \/>\n<meta property=\"og:title\" content=\"Cliniques - IDC.Clinic\" \/>\n<meta property=\"og:description\" content=\"D\u00e9couvrez comment nous pouvons vous aider \u00e0 obtenir un sourire sain et \u00e9clatant, parmi d\u2019autres traitements, en explorant d\u00e8s maintenant nos.\" \/>\n<meta property=\"og:url\" content=\"https:\/\/idc.clinic\/fr\/cliniques\/\" \/>\n<meta property=\"og:site_name\" content=\"IDC.Clinic\" \/>\n<meta property=\"article:modified_time\" content=\"2026-05-12T10:20:57+00:00\" \/>\n<meta property=\"og:image\" content=\"https:\/\/idc.clinic\/wp-content\/uploads\/2025\/11\/clinigirl.png\" \/>\n\t<meta property=\"og:image:width\" content=\"1170\" \/>\n\t<meta property=\"og:image:height\" content=\"1444\" \/>\n\t<meta property=\"og:image:type\" content=\"image\/png\" \/>\n<meta name=\"twitter:card\" content=\"summary_large_image\" \/>\n<meta name=\"twitter:label1\" content=\"Dur\u00e9e de lecture estim\u00e9e\" \/>\n\t<meta name=\"twitter:data1\" content=\"1 minute\" \/>\n<script type=\"application\/ld+json\" class=\"yoast-schema-graph\">{\"@context\":\"https:\\\/\\\/schema.org\",\"@graph\":[{\"@type\":\"WebPage\",\"@id\":\"https:\\\/\\\/idc.clinic\\\/fr\\\/cliniques\\\/\",\"url\":\"https:\\\/\\\/idc.clinic\\\/fr\\\/cliniques\\\/\",\"name\":\"Cliniques - IDC.Clinic\",\"isPartOf\":{\"@id\":\"https:\\\/\\\/idc.clinic\\\/#website\"},\"primaryImageOfPage\":{\"@id\":\"https:\\\/\\\/idc.clinic\\\/fr\\\/cliniques\\\/#primaryimage\"},\"image\":{\"@id\":\"https:\\\/\\\/idc.clinic\\\/fr\\\/cliniques\\\/#primaryimage\"},\"thumbnailUrl\":\"https:\\\/\\\/idc.clinic\\\/wp-content\\\/uploads\\\/2025\\\/11\\\/clinigirl.png\",\"datePublished\":\"2025-11-12T11:34:55+00:00\",\"dateModified\":\"2026-05-12T10:20:57+00:00\",\"description\":\"D\u00e9couvrez comment nous pouvons vous aider \u00e0 obtenir un sourire sain et \u00e9clatant, parmi d\u2019autres traitements, en explorant d\u00e8s maintenant nos.\",\"breadcrumb\":{\"@id\":\"https:\\\/\\\/idc.clinic\\\/fr\\\/cliniques\\\/#breadcrumb\"},\"inLanguage\":\"fr-FR\",\"potentialAction\":[{\"@type\":\"ReadAction\",\"target\":[\"https:\\\/\\\/idc.clinic\\\/fr\\\/cliniques\\\/\"]}]},{\"@type\":\"ImageObject\",\"inLanguage\":\"fr-FR\",\"@id\":\"https:\\\/\\\/idc.clinic\\\/fr\\\/cliniques\\\/#primaryimage\",\"url\":\"https:\\\/\\\/idc.clinic\\\/wp-content\\\/uploads\\\/2025\\\/11\\\/clinigirl.png\",\"contentUrl\":\"https:\\\/\\\/idc.clinic\\\/wp-content\\\/uploads\\\/2025\\\/11\\\/clinigirl.png\",\"width\":1170,\"height\":1444},{\"@type\":\"BreadcrumbList\",\"@id\":\"https:\\\/\\\/idc.clinic\\\/fr\\\/cliniques\\\/#breadcrumb\",\"itemListElement\":[{\"@type\":\"ListItem\",\"position\":1,\"name\":\"Home\",\"item\":\"https:\\\/\\\/idc.clinic\\\/fr\\\/\"},{\"@type\":\"ListItem\",\"position\":2,\"name\":\"Cliniques\"}]},{\"@type\":\"WebSite\",\"@id\":\"https:\\\/\\\/idc.clinic\\\/#website\",\"url\":\"https:\\\/\\\/idc.clinic\\\/\",\"name\":\"idc\",\"description\":\"\",\"publisher\":{\"@id\":\"https:\\\/\\\/idc.clinic\\\/#organization\"},\"potentialAction\":[{\"@type\":\"SearchAction\",\"target\":{\"@type\":\"EntryPoint\",\"urlTemplate\":\"https:\\\/\\\/idc.clinic\\\/?s={search_term_string}\"},\"query-input\":{\"@type\":\"PropertyValueSpecification\",\"valueRequired\":true,\"valueName\":\"search_term_string\"}}],\"inLanguage\":\"fr-FR\"},{\"@type\":\"Organization\",\"@id\":\"https:\\\/\\\/idc.clinic\\\/#organization\",\"name\":\"idc\",\"url\":\"https:\\\/\\\/idc.clinic\\\/\",\"logo\":{\"@type\":\"ImageObject\",\"inLanguage\":\"fr-FR\",\"@id\":\"https:\\\/\\\/idc.clinic\\\/#\\\/schema\\\/logo\\\/image\\\/\",\"url\":\"https:\\\/\\\/idc.clinic\\\/wp-content\\\/uploads\\\/2026\\\/02\\\/new-logo.png\",\"contentUrl\":\"https:\\\/\\\/idc.clinic\\\/wp-content\\\/uploads\\\/2026\\\/02\\\/new-logo.png\",\"width\":1650,\"height\":686,\"caption\":\"idc\"},\"image\":{\"@id\":\"https:\\\/\\\/idc.clinic\\\/#\\\/schema\\\/logo\\\/image\\\/\"}}]}<\/script>\n<!-- \/ Yoast SEO plugin. -->","yoast_head_json":{"title":"Cliniques - IDC.Clinic","description":"D\u00e9couvrez comment nous pouvons vous aider \u00e0 obtenir un sourire sain et \u00e9clatant, parmi d\u2019autres traitements, en explorant d\u00e8s maintenant nos.","robots":{"index":"index","follow":"follow","max-snippet":"max-snippet:-1","max-image-preview":"max-image-preview:large","max-video-preview":"max-video-preview:-1"},"canonical":"https:\/\/idc.clinic\/fr\/cliniques\/","og_locale":"fr_FR","og_type":"article","og_title":"Cliniques - IDC.Clinic","og_description":"D\u00e9couvrez comment nous pouvons vous aider \u00e0 obtenir un sourire sain et \u00e9clatant, parmi d\u2019autres traitements, en explorant d\u00e8s maintenant nos.","og_url":"https:\/\/idc.clinic\/fr\/cliniques\/","og_site_name":"IDC.Clinic","article_modified_time":"2026-05-12T10:20:57+00:00","og_image":[{"width":1170,"height":1444,"url":"https:\/\/idc.clinic\/wp-content\/uploads\/2025\/11\/clinigirl.png","type":"image\/png"}],"twitter_card":"summary_large_image","twitter_misc":{"Dur\u00e9e de lecture estim\u00e9e":"1 minute"},"schema":{"@context":"https:\/\/schema.org","@graph":[{"@type":"WebPage","@id":"https:\/\/idc.clinic\/fr\/cliniques\/","url":"https:\/\/idc.clinic\/fr\/cliniques\/","name":"Cliniques - IDC.Clinic","isPartOf":{"@id":"https:\/\/idc.clinic\/#website"},"primaryImageOfPage":{"@id":"https:\/\/idc.clinic\/fr\/cliniques\/#primaryimage"},"image":{"@id":"https:\/\/idc.clinic\/fr\/cliniques\/#primaryimage"},"thumbnailUrl":"https:\/\/idc.clinic\/wp-content\/uploads\/2025\/11\/clinigirl.png","datePublished":"2025-11-12T11:34:55+00:00","dateModified":"2026-05-12T10:20:57+00:00","description":"D\u00e9couvrez comment nous pouvons vous aider \u00e0 obtenir un sourire sain et \u00e9clatant, parmi d\u2019autres traitements, en explorant d\u00e8s maintenant nos.","breadcrumb":{"@id":"https:\/\/idc.clinic\/fr\/cliniques\/#breadcrumb"},"inLanguage":"fr-FR","potentialAction":[{"@type":"ReadAction","target":["https:\/\/idc.clinic\/fr\/cliniques\/"]}]},{"@type":"ImageObject","inLanguage":"fr-FR","@id":"https:\/\/idc.clinic\/fr\/cliniques\/#primaryimage","url":"https:\/\/idc.clinic\/wp-content\/uploads\/2025\/11\/clinigirl.png","contentUrl":"https:\/\/idc.clinic\/wp-content\/uploads\/2025\/11\/clinigirl.png","width":1170,"height":1444},{"@type":"BreadcrumbList","@id":"https:\/\/idc.clinic\/fr\/cliniques\/#breadcrumb","itemListElement":[{"@type":"ListItem","position":1,"name":"Home","item":"https:\/\/idc.clinic\/fr\/"},{"@type":"ListItem","position":2,"name":"Cliniques"}]},{"@type":"WebSite","@id":"https:\/\/idc.clinic\/#website","url":"https:\/\/idc.clinic\/","name":"idc","description":"","publisher":{"@id":"https:\/\/idc.clinic\/#organization"},"potentialAction":[{"@type":"SearchAction","target":{"@type":"EntryPoint","urlTemplate":"https:\/\/idc.clinic\/?s={search_term_string}"},"query-input":{"@type":"PropertyValueSpecification","valueRequired":true,"valueName":"search_term_string"}}],"inLanguage":"fr-FR"},{"@type":"Organization","@id":"https:\/\/idc.clinic\/#organization","name":"idc","url":"https:\/\/idc.clinic\/","logo":{"@type":"ImageObject","inLanguage":"fr-FR","@id":"https:\/\/idc.clinic\/#\/schema\/logo\/image\/","url":"https:\/\/idc.clinic\/wp-content\/uploads\/2026\/02\/new-logo.png","contentUrl":"https:\/\/idc.clinic\/wp-content\/uploads\/2026\/02\/new-logo.png","width":1650,"height":686,"caption":"idc"},"image":{"@id":"https:\/\/idc.clinic\/#\/schema\/logo\/image\/"}}]}},"_links":{"self":[{"href":"https:\/\/idc.clinic\/fr\/wp-json\/wp\/v2\/pages\/1387","targetHints":{"allow":["GET"]}}],"collection":[{"href":"https:\/\/idc.clinic\/fr\/wp-json\/wp\/v2\/pages"}],"about":[{"href":"https:\/\/idc.clinic\/fr\/wp-json\/wp\/v2\/types\/page"}],"author":[{"embeddable":true,"href":"https:\/\/idc.clinic\/fr\/wp-json\/wp\/v2\/users\/1"}],"replies":[{"embeddable":true,"href":"https:\/\/idc.clinic\/fr\/wp-json\/wp\/v2\/comments?post=1387"}],"version-history":[{"count":3,"href":"https:\/\/idc.clinic\/fr\/wp-json\/wp\/v2\/pages\/1387\/revisions"}],"predecessor-version":[{"id":4129,"href":"https:\/\/idc.clinic\/fr\/wp-json\/wp\/v2\/pages\/1387\/revisions\/4129"}],"wp:featuredmedia":[{"embeddable":true,"href":"https:\/\/idc.clinic\/fr\/wp-json\/wp\/v2\/media\/1388"}],"wp:attachment":[{"href":"https:\/\/idc.clinic\/fr\/wp-json\/wp\/v2\/media?parent=1387"}],"curies":[{"name":"wp","href":"https:\/\/api.w.org\/{rel}","templated":true}]}}